{"id":78,"date":"2013-03-21T21:54:05","date_gmt":"2013-03-21T21:54:05","guid":{"rendered":"http:\/\/jihyunpark.org\/?page_id=78"},"modified":"2024-07-19T11:31:47","modified_gmt":"2024-07-19T11:31:47","slug":"vita","status":"publish","type":"page","link":"http:\/\/jihyunpark.org\/?page_id=78","title":{"rendered":"VITA"},"content":{"rendered":"<p>born in Daegu, Korea, lives and works in Cologne, Germany.<br \/>She studied at the Kyungpook National University (Bachelor of Agriculture and Bachelor of Arts 2004) and at the Academy of Media Arts Cologne (Diploma, Audiovisual Media 2011).<\/p>\n<p>Her work is dedicated to a complex mixed-media-apparatus, hybrid body \u2013 machines, spatial installations and sound performances.<\/p>\n<p>\u00a0<\/p>\n<p>STIPENDIUM\/ RESIDENCY<\/p>\n<p>2022 Stipendium des Ministeriums f\u00fcr Kultur und Wissenschaft des Landes NordrheinWestfalen <br \/>2021 Stipendium des Ministeriums f\u00fcr Kultur und Wissenschaft des Landes NordrheinWestfalen <br \/>2020 Stipendium des Ministeriums f\u00fcr Kultur und Wissenschaft des Landes NordrheinWestfalen <br \/>2015 UNIDEE- TIPP residency grant at Fondazione Pistoletto, Biella Italien<br \/>2014 Frequenzwechsel_Cambio di frequenza, Cagliari, Italien<br \/>2013 Stiftung K\u00fcnstlerdorf Sch\u00f6ppingen, New Media Residency and Fellowship, Sch\u00f6ppingen<br \/>2013 \u201cnot invented by nature\u201c, Experimental BioArts Project, Heidelberg<br \/>2013 95%&#8230;Migrating Artist Academies, Allenheads Contemporary Arts, Allenheads, UK<br \/>2012 Liquid Spaces, Cluj-Napoca, Romania<br \/>2012 Interface II, Werkstatt f\u00fcr experimentelle Sound-Art \/ FFT, D\u00fcsseldorf2009 returnable DATA, CAFA, Beijing, China<br \/>2008 Internationale di Arte Urbana, San Sperate, Italien<\/p>\n<p>\u00a0<\/p>\n<p>EXHIBITION<\/p>\n<p>2023 contemporary art ruhr (C.A.R.) PHOTO\/MEDIA ART FAIR, Essen <br \/>2022 a.r.t.e.s. Kunstfenster, Graduate School for the Humanities Cologne<br \/>2019 Kleiner Kunstraum am Historischen Rathaus, Euskirchen<br \/>2016 re-active platform, contemporary art ruhr, Essen<br \/>\u00a0\u00a0\u00a0\u00a0\u00a0\u00a0\u00a0\u00a0 Die Grosse, Museum Kunstpalast, D\u00fcsseldorf<br \/>2015 arte-e-parte presents open studio tables, K\u00f6ln<br \/>2014 arte-e-parte presents open studio tables, K\u00f6ln<br \/>2013 Non-Discrete, Contemporary Art Ruhr Media Art and Photography, Essen<br \/>2012 Network, Zaha Museum, Seoul, South Korea<br \/>2012 contemporary art ruhr, Kokerei, Zeche Zollverein, Essen<br \/>2012 Das Unvollendete, Moltkerei K\u00f6ln (solo)<br \/>2012 ARRAY Interface II, FFT, D\u00fcsseldorf<br \/>2011 re-active platform, MOCA Studio Underground, Taipei, Taiwan<br \/>2010 re-active platform, CAR, Essen<br \/>2010 Heavy Matter, ISEA 2010, Dortmund<br \/>2010 Ballroom, Art Cologne, K\u00f6ln<br \/>2010 re-active platform, glasmoog, K\u00f6ln<br \/>2009 Vogelsang Intervention, Schleiden<br \/>2009 projekt compone, Kunstpraxis, K\u00f6ln<br \/>2008 Plan08, K\u00f6ln<br \/>2008 Kompressor \u2013 Halle 15, K\u00f6ln<br \/>2008 The Linux Audio Conference, K\u00f6ln<br \/>2008 K\u00f6ln 2008 MinusEins, K\u00f6ln<br \/>2007 Altitude 07, Kunsthochschule f\u00fcr Medien, K\u00f6ln<br \/>2007 Schwarz, Raumkalk, K\u00f6ln<br \/>2006 Agora, Pact-Zollverein, Essen<br \/>2006 Schein Hain, Trinitatiskirche, K\u00f6ln<\/p>\n<p>\u00a0<\/p>\n<p>CONCERT, PERFORMANCE<\/p>\n<p>2021 FUNKT sound art radio<br \/>2017 Raummusik und so \u2014 1 : xn<br \/>2016 \u201eRemix regendered\u201c Landesmusikrat NRW<br \/>2015 \u201eRemix regendered\u201c Landesmusikrat NRW<br \/>2014 Frequenzwechsel \u201eNDOW14\u201c, im Gew\u00f6lbe 5<br \/>2014 internal \/ external, Raummusik und so \u2013 kunstwerk, K\u00f6ln<br \/>2013 Rare Birds, Raummusik und so, Kunstwerk, K\u00f6ln<br \/>2012 Trash \/ Dilemmata Raummusik und so, Kunstwerk, K\u00f6ln<br \/>2012 K\u00f6lner Musiknacht, Stadtgarten K\u00f6ln<br \/>2011 Lab30, Augsburg<br \/>2009 Videonale 12 \u2013 Transmutation, Bonn<br \/>2009 Off Topic #1: aufraeumen \u2013 Mikrotonale Landschaft, K\u00f6ln<br \/>2008 The Images Festival, Toronto, Kanada<br \/>2008 LOOP 08, Barcelona, Spanien<\/p>\n\n\n<p><\/p>\n","protected":false},"excerpt":{"rendered":"<p>born in Daegu, Korea, lives and works in Cologne, Germany.She studied at the Kyungpook National University (Bachelor of Agriculture and Bachelor of Arts 2004) and at the Academy of Media Arts Cologne (Diploma, Audiovisual Media 2011). Her work is dedicated to a complex mixed-media-apparatus, hybrid body \u2013 machines, spatial installations and sound performances. \u00a0 STIPENDIUM\/ [&hellip;]<\/p>\n","protected":false},"author":1,"featured_media":0,"parent":0,"menu_order":0,"comment_status":"open","ping_status":"open","template":"","meta":[],"_links":{"self":[{"href":"http:\/\/jihyunpark.org\/index.php?rest_route=\/wp\/v2\/pages\/78"}],"collection":[{"href":"http:\/\/jihyunpark.org\/index.php?rest_route=\/wp\/v2\/pages"}],"about":[{"href":"http:\/\/jihyunpark.org\/index.php?rest_route=\/wp\/v2\/types\/page"}],"author":[{"embeddable":true,"href":"http:\/\/jihyunpark.org\/index.php?rest_route=\/wp\/v2\/users\/1"}],"replies":[{"embeddable":true,"href":"http:\/\/jihyunpark.org\/index.php?rest_route=%2Fwp%2Fv2%2Fcomments&post=78"}],"version-history":[{"count":33,"href":"http:\/\/jihyunpark.org\/index.php?rest_route=\/wp\/v2\/pages\/78\/revisions"}],"predecessor-version":[{"id":366,"href":"http:\/\/jihyunpark.org\/index.php?rest_route=\/wp\/v2\/pages\/78\/revisions\/366"}],"wp:attachment":[{"href":"http:\/\/jihyunpark.org\/index.php?rest_route=%2Fwp%2Fv2%2Fmedia&parent=78"}],"curies":[{"name":"wp","href":"https:\/\/api.w.org\/{rel}","templated":true}]}}